{"id":3,"date":"2025-12-30T19:47:15","date_gmt":"2025-12-30T19:47:15","guid":{"rendered":"https:\/\/swappdai.com\/?page_id=3"},"modified":"2026-01-11T08:02:13","modified_gmt":"2026-01-11T08:02:13","slug":"privacy-policy","status":"publish","type":"page","link":"https:\/\/swappdai.com\/de\/privacy-policy\/","title":{"rendered":"Datenschutzrichtlinie"},"content":{"rendered":"<div data-elementor-type=\"wp-page\" data-elementor-id=\"3\" class=\"elementor elementor-3\" data-elementor-settings=\"{&quot;element_pack_global_tooltip_width&quot;:{&quot;unit&quot;:&quot;px&quot;,&quot;size&quot;:&quot;&quot;,&quot;sizes&quot;:[]},&quot;element_pack_global_tooltip_width_tablet&quot;:{&quot;unit&quot;:&quot;px&quot;,&quot;size&quot;:&quot;&quot;,&quot;sizes&quot;:[]},&quot;element_pack_global_tooltip_width_mobile&quot;:{&quot;unit&quot;:&quot;px&quot;,&quot;size&quot;:&quot;&quot;,&quot;sizes&quot;:[]},&quot;element_pack_global_tooltip_padding&quot;:{&quot;unit&quot;:&quot;px&quot;,&quot;top&quot;:&quot;&quot;,&quot;right&quot;:&quot;&quot;,&quot;bottom&quot;:&quot;&quot;,&quot;left&quot;:&quot;&quot;,&quot;isLinked&quot;:true},&quot;element_pack_global_tooltip_padding_tablet&quot;:{&quot;unit&quot;:&quot;px&quot;,&quot;top&quot;:&quot;&quot;,&quot;right&quot;:&quot;&quot;,&quot;bottom&quot;:&quot;&quot;,&quot;left&quot;:&quot;&quot;,&quot;isLinked&quot;:true},&quot;element_pack_global_tooltip_padding_mobile&quot;:{&quot;unit&quot;:&quot;px&quot;,&quot;top&quot;:&quot;&quot;,&quot;right&quot;:&quot;&quot;,&quot;bottom&quot;:&quot;&quot;,&quot;left&quot;:&quot;&quot;,&quot;isLinked&quot;:true},&quot;element_pack_global_tooltip_border_radius&quot;:{&quot;unit&quot;:&quot;px&quot;,&quot;top&quot;:&quot;&quot;,&quot;right&quot;:&quot;&quot;,&quot;bottom&quot;:&quot;&quot;,&quot;left&quot;:&quot;&quot;,&quot;isLinked&quot;:true},&quot;element_pack_global_tooltip_border_radius_tablet&quot;:{&quot;unit&quot;:&quot;px&quot;,&quot;top&quot;:&quot;&quot;,&quot;right&quot;:&quot;&quot;,&quot;bottom&quot;:&quot;&quot;,&quot;left&quot;:&quot;&quot;,&quot;isLinked&quot;:true},&quot;element_pack_global_tooltip_border_radius_mobile&quot;:{&quot;unit&quot;:&quot;px&quot;,&quot;top&quot;:&quot;&quot;,&quot;right&quot;:&quot;&quot;,&quot;bottom&quot;:&quot;&quot;,&quot;left&quot;:&quot;&quot;,&quot;isLinked&quot;:true}}\">\n\t\t\t\t<div class=\"elementor-element elementor-element-38b60825 e-flex e-con-boxed e-con e-parent\" data-id=\"38b60825\" data-element_type=\"container\" data-e-type=\"container\">\n\t\t\t\t\t<div class=\"e-con-inner\">\n\t\t\t\t<div class=\"elementor-element elementor-element-21f89f3c elementor-widget elementor-widget-text-editor\" data-id=\"21f89f3c\" data-element_type=\"widget\" data-e-type=\"widget\" data-widget_type=\"text-editor.default\">\n\t\t\t\t\t\t\t\t\t<p data-start=\"386\" data-end=\"414\"><strong data-start=\"386\" data-end=\"403\">Zuletzt ge\u00e4ndert:<\/strong> 05.01.2026<\/p><h3 data-start=\"416\" data-end=\"434\">1. Einf\u00fchrung<\/h3><p data-start=\"436\" data-end=\"694\">Willkommen zu SwappdAI.<br data-start=\"460\" data-end=\"463\" \/>Der Schutz Ihrer Privatsph\u00e4re und Ihrer personenbezogenen Daten ist uns wichtig. Diese Datenschutzrichtlinie erkl\u00e4rt, wie wir Ihre personenbezogenen Daten erheben, nutzen, verarbeiten und sch\u00fctzen, wenn Sie unsere Website besuchen oder unsere KI-gest\u00fctzten Bildverwandlungsdienste nutzen.<\/p><p data-start=\"696\" data-end=\"808\">SwappdAI h\u00e4lt die geltenden Datenschutzgesetze ein, einschlie\u00dflich der Datenschutz-Grundverordnung (DSGVO).<\/p><hr data-start=\"810\" data-end=\"813\" \/><h3 data-start=\"815\" data-end=\"836\">2. Verantwortlicher f\u00fcr die Datenverarbeitung<\/h3><p data-start=\"838\" data-end=\"926\">Der f\u00fcr die Datenverarbeitung gem\u00e4\u00df den geltenden Datenschutzgesetzen Verantwortliche ist:<\/p><p data-start=\"928\" data-end=\"1010\"><strong data-start=\"928\" data-end=\"940\">SwappdAI<\/strong><br data-start=\"940\" data-end=\"943\" \/>WiIIi Braun (Einzelunternehmer)<br data-start=\"970\" data-end=\"973\" \/>Deutschland<br data-start=\"982\" data-end=\"985\" \/>E-Mail: <a class=\"decorated-link cursor-pointer\" rel=\"noopener\" data-start=\"992\" data-end=\"1010\">hello@swappdai.com<\/a><\/p><hr data-start=\"1012\" data-end=\"1015\" \/><h3 data-start=\"1017\" data-end=\"1038\">3. Daten, die wir verarbeiten<\/h3><p data-start=\"1040\" data-end=\"1129\">Abh\u00e4ngig davon, wie Sie mit SwappdAI interagieren, verarbeiten wir die folgenden Kategorien von Daten:<\/p><h4 data-start=\"1131\" data-end=\"1158\">a) Bilder &amp; Gesichtsdaten<\/h4><p data-start=\"1159\" data-end=\"1313\">Wenn Sie ein Foto hochladen, um Fun Cards, Art Lab oder Swap Me zu nutzen, analysiert unsere KI die Gesichtsz\u00fcge, um die gew\u00fcnschte Bildverwandlung zu generieren.<\/p><ul data-start=\"1315\" data-end=\"1533\"><li data-start=\"1315\" data-end=\"1377\"><p data-start=\"1317\" data-end=\"1377\">Diese Verarbeitung ist zwingend erforderlich, um den Dienst bereitzustellen.<\/p><\/li><li data-start=\"1378\" data-end=\"1435\"><p data-start=\"1380\" data-end=\"1435\">SwappdAI f\u00fchrt keine biometrische Identifizierung durch.<\/p><\/li><li data-start=\"1436\" data-end=\"1478\"><p data-start=\"1438\" data-end=\"1478\">Wir erstellen keine biometrischen Profile.<\/p><\/li><li data-start=\"1479\" data-end=\"1533\"><p data-start=\"1481\" data-end=\"1533\">Hochgeladene Bilder werden nicht zum Trainieren von KI-Modellen verwendet.<\/p><\/li><\/ul><h4 data-start=\"1535\" data-end=\"1569\">b) Konto- &amp; Abonnementsdaten<\/h4><p data-start=\"1570\" data-end=\"1624\">F\u00fcr Nutzer der Free,- Premium- oder Pro Creator-Pl\u00e4ne verarbeiten wir:<\/p><ul data-start=\"1625\" data-end=\"1683\"><li data-start=\"1625\" data-end=\"1640\"><p data-start=\"1627\" data-end=\"1640\">E-Mail-Adresse<\/p><\/li><li data-start=\"1641\" data-end=\"1683\"><p data-start=\"1643\" data-end=\"1683\">Abonnementstatus und Informationen zum Tarif<\/p><\/li><\/ul><h4 data-start=\"1685\" data-end=\"1702\">c) Nutzungsdaten<\/h4><p data-start=\"1703\" data-end=\"1824\">Wir verfolgen die Credit-Nutzung (z. B. kostenlose monatliche Credits oder gekaufte Credit-Pakete), um den Zugriff auf Funktionen und Dienste zu verwalten.<\/p><h4 data-start=\"1826\" data-end=\"1845\">d) Zahlungsdaten<\/h4><p data-start=\"1846\" data-end=\"1987\">Zahlungen werden ausschlie\u00dflich \u00fcber sichere Drittanbieter f\u00fcr Zahlungsabwicklungen abgewickelt.<br data-start=\"1920\" data-end=\"1923\" \/>SwappdAI speichert keine vollst\u00e4ndigen Kreditkarten- oder Zahlungsdetails.<\/p><h4 data-start=\"1989\" data-end=\"2014\">e) Website-Nutzungsdaten<\/h4><p data-start=\"2015\" data-end=\"2083\">Beim Besuch unserer Website k\u00f6nnen technische Daten erhoben werden, wie zum Beispiel:<\/p><ul data-start=\"2084\" data-end=\"2172\"><li data-start=\"2084\" data-end=\"2109\"><p data-start=\"2086\" data-end=\"2109\">Ger\u00e4te- und Browsertyp<\/p><\/li><li data-start=\"2110\" data-end=\"2125\"><p data-start=\"2112\" data-end=\"2125\">Besuchte Seiten<\/p><\/li><li data-start=\"2126\" data-end=\"2172\"><p data-start=\"2128\" data-end=\"2172\">Ungef\u00e4hrer Standort (IP-Adresse anonymisiert)<\/p><\/li><\/ul><hr data-start=\"2174\" data-end=\"2177\" \/><h3 data-start=\"2179\" data-end=\"2207\">4. Zwecke der Verarbeitung<\/h3><p data-start=\"2209\" data-end=\"2264\">Wir verarbeiten Ihre Daten ausschlie\u00dflich zu den folgenden Zwecken:<\/p><ul data-start=\"2266\" data-end=\"2623\"><li data-start=\"2266\" data-end=\"2337\"><p data-start=\"2268\" data-end=\"2337\"><strong data-start=\"2268\" data-end=\"2289\">Bilderzeugung:<\/strong> Um die von Ihnen angeforderten KI-generierten Bilder zu erstellen.<\/p><\/li><li data-start=\"2338\" data-end=\"2410\"><p data-start=\"2340\" data-end=\"2410\"><strong data-start=\"2340\" data-end=\"2363\">Service-Management:<\/strong> Um Tarife, Credits und den Zugriff auf Funktionen zu verwalten.<\/p><\/li><li data-start=\"2411\" data-end=\"2484\"><p data-start=\"2413\" data-end=\"2484\"><strong data-start=\"2413\" data-end=\"2440\">Kontoverwaltung:<\/strong> Um Abonnements und Benutzerunterst\u00fctzung bereitzustellen.<\/p><\/li><li data-start=\"2485\" data-end=\"2550\"><p data-start=\"2487\" data-end=\"2550\"><strong data-start=\"2487\" data-end=\"2500\">Sicherheit:<\/strong> Um die Stabilit\u00e4t der Plattform zu gew\u00e4hrleisten und Missbrauch zu verhindern.<\/p><\/li><li data-start=\"2551\" data-end=\"2623\"><p data-start=\"2553\" data-end=\"2623\"><strong data-start=\"2553\" data-end=\"2578\">Website-Optimierung:<\/strong> Um die Leistung und Benutzerfreundlichkeit der Website zu verbessern.<\/p><\/li><\/ul><hr data-start=\"2625\" data-end=\"2628\" \/><h3 data-start=\"2630\" data-end=\"2669\">5. Rechtsgrundlage der Verarbeitung (DSGVO)<\/h3><p data-start=\"2671\" data-end=\"2731\">Unsere Datenverarbeitung basiert auf den folgenden Rechtsgrundlagen:<\/p><ul data-start=\"2733\" data-end=\"3025\"><li data-start=\"2733\" data-end=\"2840\"><p data-start=\"2735\" data-end=\"2840\"><strong data-start=\"2735\" data-end=\"2756\">Art. 6(1)(b) DSGVO -<\/strong> Vertragserf\u00fcllung<br data-start=\"2784\" data-end=\"2787\" \/>(Bilderzeugung, Kontodienste, Abonnements)<\/p><\/li><li data-start=\"2842\" data-end=\"2939\"><p data-start=\"2844\" data-end=\"2939\"><strong data-start=\"2844\" data-end=\"2865\">Art. 6(1)(f) DSGVO<\/strong> \u2013 Berechtigtes Interesse<br data-start=\"2887\" data-end=\"2890\" \/>(Sicherheit, Betrugspr\u00e4vention, Stabilit\u00e4t des Dienstes)<\/p><\/li><li data-start=\"2941\" data-end=\"3025\"><p data-start=\"2943\" data-end=\"3025\"><strong data-start=\"2943\" data-end=\"2964\">Art. 6(1)(a) DSGVO<\/strong> \u2013 Einwilligung<br data-start=\"2974\" data-end=\"2977\" \/>(Analyse-Cookies und nicht notwendiges Tracking)<\/p><\/li><\/ul><hr data-start=\"3027\" data-end=\"3030\" \/><h3 data-start=\"3032\" data-end=\"3075\">6. Datenspeicherung &amp; Umgang mit Gesichtsdaten<\/h3><ul data-start=\"3077\" data-end=\"3398\"><li data-start=\"3077\" data-end=\"3204\"><p data-start=\"3079\" data-end=\"3204\">Hochgeladene Bilder und Gesichtsmerkmale werden vor\u00fcbergehend und nur f\u00fcr die Dauer verarbeitet, die zur Erstellung deines Ergebnisses erforderlich ist.<\/p><\/li><li data-start=\"3205\" data-end=\"3281\"><p data-start=\"3207\" data-end=\"3281\">Generierte Bilder werden in deiner Konto-Galerie gespeichert, bis du sie l\u00f6schst.<\/p><\/li><li data-start=\"3282\" data-end=\"3328\"><p data-start=\"3284\" data-end=\"3328\">Du kannst generierte Bilder jederzeit l\u00f6schen.<\/p><\/li><li data-start=\"3329\" data-end=\"3398\"><p data-start=\"3331\" data-end=\"3398\">Quellfotos werden nicht l\u00e4nger aufbewahrt, als f\u00fcr die Verarbeitung erforderlich ist.<\/p><\/li><\/ul><hr data-start=\"3400\" data-end=\"3403\" \/><h3 data-start=\"3405\" data-end=\"3440\">7. Drittanbieter<\/h3><p data-start=\"3442\" data-end=\"3557\">Um SwappdAI zu betreiben, k\u00f6nnen wir vertrauensw\u00fcrdige Drittanbieter einsetzen (z. B. Hosting, Analysen, KI-Infrastruktur).<\/p><ul data-start=\"3559\" data-end=\"3774\"><li data-start=\"3559\" data-end=\"3633\"><p data-start=\"3561\" data-end=\"3633\">Diese Anbieter handeln als Auftragsverarbeiter auf Basis vertraglicher Vereinbarungen.<\/p><\/li><li data-start=\"3634\" data-end=\"3711\"><p data-start=\"3636\" data-end=\"3711\">Daten werden nur nach unseren Anweisungen und f\u00fcr die angegebenen Zwecke verarbeitet.<\/p><\/li><li data-start=\"3712\" data-end=\"3774\"><p data-start=\"3714\" data-end=\"3774\">Es werden keine personenbezogenen Daten f\u00fcr Werbezwecke verkauft oder weitergegeben.<\/p><\/li><\/ul><hr data-start=\"3776\" data-end=\"3779\" \/><h3 data-start=\"3781\" data-end=\"3815\">8. Internationale Datentransfers<\/h3><p data-start=\"3817\" data-end=\"3943\">Einige Dienstleister (z. B. Google-Dienste) verarbeiten Daten auf Servern au\u00dferhalb der Europ\u00e4ischen Union, einschlie\u00dflich der Vereinigten Staaten.<\/p><p data-start=\"3945\" data-end=\"4000\">Sofern zutreffend, werden solche \u00dcbermittlungen durch folgende Ma\u00dfnahmen abgesichert:<\/p><ul data-start=\"4001\" data-end=\"4081\"><li data-start=\"4001\" data-end=\"4081\"><p data-start=\"4003\" data-end=\"4081\"><strong data-start=\"4003\" data-end=\"4045\">EU-Standardvertragsklauseln (SCCs),<\/strong> die von der Europ\u00e4ischen Kommission genehmigt wurden.<\/p><\/li><\/ul><hr data-start=\"4083\" data-end=\"4086\" \/><h3 data-start=\"4088\" data-end=\"4101\">9. Cookies<\/h3><p data-start=\"4103\" data-end=\"4185\">SwappdAI verwendet Cookies, um die ordnungsgem\u00e4\u00dfe Funktionalit\u00e4t der Website zu gew\u00e4hrleisten und die Nutzung zu analysieren.<\/p><h4 data-start=\"4187\" data-end=\"4212\">Arten der verwendeten Cookies<\/h4><ul data-start=\"4214\" data-end=\"4456\"><li data-start=\"4214\" data-end=\"4287\"><p data-start=\"4216\" data-end=\"4287\"><strong data-start=\"4216\" data-end=\"4237\">Essenziell notwendige Cookies<\/strong><br data-start=\"4237\" data-end=\"4240\" \/>Erforderlich f\u00fcr die Sicherheit und grundlegende Funktionen.<\/p><\/li><li data-start=\"4289\" data-end=\"4377\"><p data-start=\"4291\" data-end=\"4377\"><strong data-start=\"4291\" data-end=\"4313\">Pr\u00e4ferenz-Cookies<\/strong><br data-start=\"4313\" data-end=\"4316\" \/>Speichern Benutzereinstellungen wie Sprache oder Einwilligungsauswahlen.<\/p><\/li><li data-start=\"4379\" data-end=\"4456\"><p data-start=\"4381\" data-end=\"4456\"><strong data-start=\"4381\" data-end=\"4403\">Analyse-Cookies<\/strong><br data-start=\"4403\" data-end=\"4406\" \/>Helfen uns zu verstehen, wie Besucher die Website nutzen.<\/p><\/li><\/ul><p data-start=\"4458\" data-end=\"4608\">Sie k\u00f6nnen Ihre Einwilligung jederzeit \u00fcber die Cookie-Einstellungen auf unserer Website verwalten oder widerrufen. Das Blockieren bestimmter Cookies kann die Funktionalit\u00e4t der Website beeintr\u00e4chtigen.<\/p><hr data-start=\"4610\" data-end=\"4613\" \/><h3 data-start=\"4615\" data-end=\"4637\">10. Google-Dienste<\/h3><p data-start=\"4639\" data-end=\"4720\">Unsere Website nutzt Site Kit von Google, welches die folgenden Dienste integriert:<\/p><h4 data-start=\"4722\" data-end=\"4748\">Google Analytics (GA4)<\/h4><p data-start=\"4749\" data-end=\"4795\">Wird verwendet, um die Nutzung und Leistung der Website zu analysieren.<\/p><ul data-start=\"4797\" data-end=\"4951\"><li data-start=\"4797\" data-end=\"4826\"><p data-start=\"4799\" data-end=\"4826\">IP-Adressen werden anonymisiert.<\/p><\/li><li data-start=\"4827\" data-end=\"4888\"><p data-start=\"4829\" data-end=\"4888\">Daten wie Ger\u00e4tetyp und besuchte Seiten k\u00f6nnen erhoben werden.<\/p><\/li><li data-start=\"4889\" data-end=\"4951\"><p data-start=\"4891\" data-end=\"4951\">Daten k\u00f6nnen auf Google-Servern in den Vereinigten Staaten verarbeitet werden.<\/p><\/li><\/ul><p data-start=\"4953\" data-end=\"5051\">Die Verarbeitung erfolgt nur mit Ihrer ausdr\u00fccklichen Einwilligung \u00fcber den Cookie-Banner<br data-start=\"5028\" data-end=\"5031\" \/>(Art. 6(1)(a) DSGVO).<\/p><h4 data-start=\"5053\" data-end=\"5078\">Google Search Console<\/h4><p data-start=\"5079\" data-end=\"5177\">Wird verwendet, um die Sichtbarkeit der Website in den Suchergebnissen zu \u00fcberwachen.<br data-start=\"5132\" data-end=\"5135\" \/>Es werden keine direkten personenbezogenen Nutzerdaten verarbeitet.<\/p><p data-start=\"5179\" data-end=\"5255\">Google handelt als Auftragsverarbeiter im Rahmen der geltenden Datenschutzvereinbarungen.<\/p><hr data-start=\"5257\" data-end=\"5260\" \/><h3 data-start=\"5262\" data-end=\"5287\">11. Privatsph\u00e4re von Kindern<\/h3><p data-start=\"5289\" data-end=\"5451\">SwappdAI ist nicht f\u00fcr Kinder unter 13 Jahren (oder 16 Jahren, sofern dies nach lokalem Recht erforderlich ist) bestimmt.<br data-start=\"5392\" data-end=\"5395\" \/>Wir erheben nicht wissentlich personenbezogene Daten von Kindern.<\/p><hr data-start=\"5453\" data-end=\"5456\" \/><h3 data-start=\"5458\" data-end=\"5476\">12. Ihre Rechte<\/h3><p data-start=\"5478\" data-end=\"5500\">Sie haben das Recht auf:<\/p><ul data-start=\"5502\" data-end=\"5723\"><li data-start=\"5502\" data-end=\"5535\"><p data-start=\"5504\" data-end=\"5535\" class=\"translation-block\">Auskunft \u00fcber ihre personenbezogenen Daten<\/p><\/li><li data-start=\"5536\" data-end=\"5576\"><p data-start=\"5538\" data-end=\"5576\" class=\"translation-block\">Berichtigung unrichtiger Daten<\/p><\/li><li data-start=\"5577\" data-end=\"5629\"><p data-start=\"5579\" data-end=\"5629\" class=\"translation-block\">L\u00f6schung ihres Kontos und der damit verbundenen Daten<\/p><\/li><li data-start=\"5630\" data-end=\"5683\"><p data-start=\"5632\" data-end=\"5683\" class=\"translation-block\">Daten\u00fcbertragbarkeit (Export der generierten Bilder)<\/p><\/li><li data-start=\"5684\" data-end=\"5723\"><p data-start=\"5686\" data-end=\"5723\" class=\"translation-block\">Widerruf der Einwilligung zu jeder Zeit<\/p><\/li><\/ul><p data-start=\"5725\" data-end=\"5789\">Um ihre Rechte auszu\u00fcben, kontaktieren Sie uns unter:<br data-start=\"5764\" data-end=\"5767\" \/><strong data-start=\"5767\" data-end=\"5789\"><a class=\"decorated-link cursor-pointer\" rel=\"noopener\" data-start=\"5769\" data-end=\"5787\">hello@swappdai.com<\/a><\/strong><\/p><hr data-start=\"5791\" data-end=\"5794\" \/><h3 data-start=\"5796\" data-end=\"5820\">13. Sicherheitsma\u00dfnahmen<\/h3><p data-start=\"5822\" data-end=\"5984\">Wir setzen technische und organisatorische Ma\u00dfnahmen nach Industriestandard ein, einschlie\u00dflich SSL-Verschl\u00fcsselung, um Ihre Daten vor unbefugtem Zugriff, Verlust oder Missbrauch zu sch\u00fctzen.<\/p><hr data-start=\"5986\" data-end=\"5989\" \/><h3 data-start=\"5991\" data-end=\"6028\">14. \u00c4nderungen an dieser Datenschutzrichtlinie<\/h3><p data-start=\"6030\" data-end=\"6143\">Wir k\u00f6nnen diese Datenschutzrichtlinie von Zeit zu Zeit aktualisieren.<br data-start=\"6082\" data-end=\"6085\" \/>Die aktuelle Version wird immer auf dieser Seite verf\u00fcgbar sein.<\/p><hr data-start=\"6145\" data-end=\"6148\" \/><h3 data-start=\"6150\" data-end=\"6164\">15. Kontakt<\/h3><p data-start=\"6166\" data-end=\"6271\">Wenn Sie Fragen oder Bedenken bez\u00fcglich des Datenschutzes oder dieser Datenschutzrichtlinie haben, kontaktieren Sie uns bitte unter:<\/p><p data-start=\"6273\" data-end=\"6295\"><strong data-start=\"6273\" data-end=\"6295\"><a class=\"decorated-link cursor-pointer\" rel=\"noopener\" data-start=\"6275\" data-end=\"6293\">hello@swappdai.com<\/a><\/strong><\/p>\t\t\t\t\t\t\t\t<\/div>\n\t\t\t\t\t<\/div>\n\t\t\t\t<\/div>\n\t\t<div class=\"elementor-element elementor-element-5cd09eb e-flex e-con-boxed e-con e-parent\" data-id=\"5cd09eb\" data-element_type=\"container\" data-e-type=\"container\">\n\t\t\t\t\t<div class=\"e-con-inner\">\n\t\t\t\t<div class=\"elementor-element elementor-element-7178a0b elementor-widget elementor-widget-spacer\" data-id=\"7178a0b\" data-element_type=\"widget\" data-e-type=\"widget\" data-widget_type=\"spacer.default\">\n\t\t\t\t\t\t\t<div class=\"elementor-spacer\">\n\t\t\t<div class=\"elementor-spacer-inner\"><\/div>\n\t\t<\/div>\n\t\t\t\t\t\t<\/div>\n\t\t\t\t\t<\/div>\n\t\t\t\t<\/div>\n\t\t\t\t<\/div>","protected":false},"excerpt":{"rendered":"<p>Last updated: 05.01.2026 1. Introduction Welcome to SwappdAI.Protecting your privacy and personal data is important to us. This Privacy Policy explains how [&hellip;]<\/p>\n","protected":false},"author":1,"featured_media":0,"parent":0,"menu_order":0,"comment_status":"closed","ping_status":"open","template":"","meta":{"footnotes":""},"class_list":["post-3","page","type-page","status-publish","hentry"],"yoast_head":"<!-- This site is optimized with the Yoast SEO plugin v27.3 - https:\/\/yoast.com\/product\/yoast-seo-wordpress\/ -->\n<title>Privacy Policy - SwappdAI<\/title>\n<meta name=\"robots\" content=\"index, follow, max-snippet:-1, max-image-preview:large, max-video-preview:-1\" \/>\n<link rel=\"canonical\" href=\"https:\/\/swappdai.com\/de\/privacy-policy\/\" \/>\n<meta property=\"og:locale\" content=\"de_DE\" \/>\n<meta property=\"og:type\" content=\"article\" \/>\n<meta property=\"og:title\" content=\"Privacy Policy - SwappdAI\" \/>\n<meta property=\"og:description\" content=\"Last updated: 05.01.2026 1. Introduction Welcome to SwappdAI.Protecting your privacy and personal data is important to us. This Privacy Policy explains how [&hellip;]\" \/>\n<meta property=\"og:url\" content=\"https:\/\/swappdai.com\/de\/privacy-policy\/\" \/>\n<meta property=\"og:site_name\" content=\"SwappdAI\" \/>\n<meta property=\"article:publisher\" content=\"https:\/\/www.facebook.com\/swappdai\/\" \/>\n<meta property=\"article:modified_time\" content=\"2026-01-11T08:02:13+00:00\" \/>\n<meta name=\"twitter:card\" content=\"summary_large_image\" \/>\n<meta name=\"twitter:site\" content=\"@SwappdAI\" \/>\n<meta name=\"twitter:label1\" content=\"Gesch\u00e4tzte Lesezeit\" \/>\n\t<meta name=\"twitter:data1\" content=\"4\u00a0Minuten\" \/>\n<script type=\"application\/ld+json\" class=\"yoast-schema-graph\">{\"@context\":\"https:\\\/\\\/schema.org\",\"@graph\":[{\"@type\":\"WebPage\",\"@id\":\"https:\\\/\\\/swappdai.com\\\/privacy-policy\\\/\",\"url\":\"https:\\\/\\\/swappdai.com\\\/privacy-policy\\\/\",\"name\":\"Privacy Policy - SwappdAI\",\"isPartOf\":{\"@id\":\"https:\\\/\\\/swappdai.com\\\/#website\"},\"datePublished\":\"2025-12-30T19:47:15+00:00\",\"dateModified\":\"2026-01-11T08:02:13+00:00\",\"breadcrumb\":{\"@id\":\"https:\\\/\\\/swappdai.com\\\/privacy-policy\\\/#breadcrumb\"},\"inLanguage\":\"de\",\"potentialAction\":[{\"@type\":\"ReadAction\",\"target\":[\"https:\\\/\\\/swappdai.com\\\/privacy-policy\\\/\"]}]},{\"@type\":\"BreadcrumbList\",\"@id\":\"https:\\\/\\\/swappdai.com\\\/privacy-policy\\\/#breadcrumb\",\"itemListElement\":[{\"@type\":\"ListItem\",\"position\":1,\"name\":\"Home\",\"item\":\"https:\\\/\\\/swappdai.com\\\/\"},{\"@type\":\"ListItem\",\"position\":2,\"name\":\"Privacy Policy\"}]},{\"@type\":\"WebSite\",\"@id\":\"https:\\\/\\\/swappdai.com\\\/#website\",\"url\":\"https:\\\/\\\/swappdai.com\\\/\",\"name\":\"SwappdAI\",\"description\":\"Flawless AI Face Swaps &amp; Portraits \u2728\",\"publisher\":{\"@id\":\"https:\\\/\\\/swappdai.com\\\/#organization\"},\"potentialAction\":[{\"@type\":\"SearchAction\",\"target\":{\"@type\":\"EntryPoint\",\"urlTemplate\":\"https:\\\/\\\/swappdai.com\\\/?s={search_term_string}\"},\"query-input\":{\"@type\":\"PropertyValueSpecification\",\"valueRequired\":true,\"valueName\":\"search_term_string\"}}],\"inLanguage\":\"de\"},{\"@type\":\"Organization\",\"@id\":\"https:\\\/\\\/swappdai.com\\\/#organization\",\"name\":\"SwappdAI\",\"url\":\"https:\\\/\\\/swappdai.com\\\/\",\"logo\":{\"@type\":\"ImageObject\",\"inLanguage\":\"de\",\"@id\":\"https:\\\/\\\/swappdai.com\\\/#\\\/schema\\\/logo\\\/image\\\/\",\"url\":\"https:\\\/\\\/swappdai.com\\\/wp-content\\\/uploads\\\/2025\\\/12\\\/Logo_HP_dark_cr_webp.webp\",\"contentUrl\":\"https:\\\/\\\/swappdai.com\\\/wp-content\\\/uploads\\\/2025\\\/12\\\/Logo_HP_dark_cr_webp.webp\",\"width\":433,\"height\":98,\"caption\":\"SwappdAI\"},\"image\":{\"@id\":\"https:\\\/\\\/swappdai.com\\\/#\\\/schema\\\/logo\\\/image\\\/\"},\"sameAs\":[\"https:\\\/\\\/www.facebook.com\\\/swappdai\\\/\",\"https:\\\/\\\/x.com\\\/SwappdAI\",\"https:\\\/\\\/www.instagram.com\\\/swappd.ai\\\/\"]}]}<\/script>\n<!-- \/ Yoast SEO plugin. -->","yoast_head_json":{"title":"Privacy Policy - SwappdAI","robots":{"index":"index","follow":"follow","max-snippet":"max-snippet:-1","max-image-preview":"max-image-preview:large","max-video-preview":"max-video-preview:-1"},"canonical":"https:\/\/swappdai.com\/de\/privacy-policy\/","og_locale":"de_DE","og_type":"article","og_title":"Privacy Policy - SwappdAI","og_description":"Last updated: 05.01.2026 1. Introduction Welcome to SwappdAI.Protecting your privacy and personal data is important to us. This Privacy Policy explains how [&hellip;]","og_url":"https:\/\/swappdai.com\/de\/privacy-policy\/","og_site_name":"SwappdAI","article_publisher":"https:\/\/www.facebook.com\/swappdai\/","article_modified_time":"2026-01-11T08:02:13+00:00","twitter_card":"summary_large_image","twitter_site":"@SwappdAI","twitter_misc":{"Gesch\u00e4tzte Lesezeit":"4\u00a0Minuten"},"schema":{"@context":"https:\/\/schema.org","@graph":[{"@type":"WebPage","@id":"https:\/\/swappdai.com\/privacy-policy\/","url":"https:\/\/swappdai.com\/privacy-policy\/","name":"Privacy Policy - SwappdAI","isPartOf":{"@id":"https:\/\/swappdai.com\/#website"},"datePublished":"2025-12-30T19:47:15+00:00","dateModified":"2026-01-11T08:02:13+00:00","breadcrumb":{"@id":"https:\/\/swappdai.com\/privacy-policy\/#breadcrumb"},"inLanguage":"de","potentialAction":[{"@type":"ReadAction","target":["https:\/\/swappdai.com\/privacy-policy\/"]}]},{"@type":"BreadcrumbList","@id":"https:\/\/swappdai.com\/privacy-policy\/#breadcrumb","itemListElement":[{"@type":"ListItem","position":1,"name":"Home","item":"https:\/\/swappdai.com\/"},{"@type":"ListItem","position":2,"name":"Privacy Policy"}]},{"@type":"WebSite","@id":"https:\/\/swappdai.com\/#website","url":"https:\/\/swappdai.com\/","name":"SwappdAI","description":"Flawless AI Face Swaps &amp; Portraits \u2728","publisher":{"@id":"https:\/\/swappdai.com\/#organization"},"potentialAction":[{"@type":"SearchAction","target":{"@type":"EntryPoint","urlTemplate":"https:\/\/swappdai.com\/?s={search_term_string}"},"query-input":{"@type":"PropertyValueSpecification","valueRequired":true,"valueName":"search_term_string"}}],"inLanguage":"de"},{"@type":"Organization","@id":"https:\/\/swappdai.com\/#organization","name":"SwappdAI","url":"https:\/\/swappdai.com\/","logo":{"@type":"ImageObject","inLanguage":"de","@id":"https:\/\/swappdai.com\/#\/schema\/logo\/image\/","url":"https:\/\/swappdai.com\/wp-content\/uploads\/2025\/12\/Logo_HP_dark_cr_webp.webp","contentUrl":"https:\/\/swappdai.com\/wp-content\/uploads\/2025\/12\/Logo_HP_dark_cr_webp.webp","width":433,"height":98,"caption":"SwappdAI"},"image":{"@id":"https:\/\/swappdai.com\/#\/schema\/logo\/image\/"},"sameAs":["https:\/\/www.facebook.com\/swappdai\/","https:\/\/x.com\/SwappdAI","https:\/\/www.instagram.com\/swappd.ai\/"]}]}},"_links":{"self":[{"href":"https:\/\/swappdai.com\/de\/wp-json\/wp\/v2\/pages\/3","targetHints":{"allow":["GET"]}}],"collection":[{"href":"https:\/\/swappdai.com\/de\/wp-json\/wp\/v2\/pages"}],"about":[{"href":"https:\/\/swappdai.com\/de\/wp-json\/wp\/v2\/types\/page"}],"author":[{"embeddable":true,"href":"https:\/\/swappdai.com\/de\/wp-json\/wp\/v2\/users\/1"}],"replies":[{"embeddable":true,"href":"https:\/\/swappdai.com\/de\/wp-json\/wp\/v2\/comments?post=3"}],"version-history":[{"count":10,"href":"https:\/\/swappdai.com\/de\/wp-json\/wp\/v2\/pages\/3\/revisions"}],"predecessor-version":[{"id":1464,"href":"https:\/\/swappdai.com\/de\/wp-json\/wp\/v2\/pages\/3\/revisions\/1464"}],"wp:attachment":[{"href":"https:\/\/swappdai.com\/de\/wp-json\/wp\/v2\/media?parent=3"}],"curies":[{"name":"wp","href":"https:\/\/api.w.org\/{rel}","templated":true}]}}