{"id":363,"date":"2026-01-03T21:16:30","date_gmt":"2026-01-03T21:16:30","guid":{"rendered":"https:\/\/swappdai.com\/?page_id=363"},"modified":"2026-01-05T20:21:45","modified_gmt":"2026-01-05T20:21:45","slug":"imprint","status":"publish","type":"page","link":"https:\/\/swappdai.com\/de\/imprint\/","title":{"rendered":"Impressum"},"content":{"rendered":"<div data-elementor-type=\"wp-page\" data-elementor-id=\"363\" class=\"elementor elementor-363\" data-elementor-settings=\"{&quot;element_pack_global_tooltip_width&quot;:{&quot;unit&quot;:&quot;px&quot;,&quot;size&quot;:&quot;&quot;,&quot;sizes&quot;:[]},&quot;element_pack_global_tooltip_width_tablet&quot;:{&quot;unit&quot;:&quot;px&quot;,&quot;size&quot;:&quot;&quot;,&quot;sizes&quot;:[]},&quot;element_pack_global_tooltip_width_mobile&quot;:{&quot;unit&quot;:&quot;px&quot;,&quot;size&quot;:&quot;&quot;,&quot;sizes&quot;:[]},&quot;element_pack_global_tooltip_padding&quot;:{&quot;unit&quot;:&quot;px&quot;,&quot;top&quot;:&quot;&quot;,&quot;right&quot;:&quot;&quot;,&quot;bottom&quot;:&quot;&quot;,&quot;left&quot;:&quot;&quot;,&quot;isLinked&quot;:true},&quot;element_pack_global_tooltip_padding_tablet&quot;:{&quot;unit&quot;:&quot;px&quot;,&quot;top&quot;:&quot;&quot;,&quot;right&quot;:&quot;&quot;,&quot;bottom&quot;:&quot;&quot;,&quot;left&quot;:&quot;&quot;,&quot;isLinked&quot;:true},&quot;element_pack_global_tooltip_padding_mobile&quot;:{&quot;unit&quot;:&quot;px&quot;,&quot;top&quot;:&quot;&quot;,&quot;right&quot;:&quot;&quot;,&quot;bottom&quot;:&quot;&quot;,&quot;left&quot;:&quot;&quot;,&quot;isLinked&quot;:true},&quot;element_pack_global_tooltip_border_radius&quot;:{&quot;unit&quot;:&quot;px&quot;,&quot;top&quot;:&quot;&quot;,&quot;right&quot;:&quot;&quot;,&quot;bottom&quot;:&quot;&quot;,&quot;left&quot;:&quot;&quot;,&quot;isLinked&quot;:true},&quot;element_pack_global_tooltip_border_radius_tablet&quot;:{&quot;unit&quot;:&quot;px&quot;,&quot;top&quot;:&quot;&quot;,&quot;right&quot;:&quot;&quot;,&quot;bottom&quot;:&quot;&quot;,&quot;left&quot;:&quot;&quot;,&quot;isLinked&quot;:true},&quot;element_pack_global_tooltip_border_radius_mobile&quot;:{&quot;unit&quot;:&quot;px&quot;,&quot;top&quot;:&quot;&quot;,&quot;right&quot;:&quot;&quot;,&quot;bottom&quot;:&quot;&quot;,&quot;left&quot;:&quot;&quot;,&quot;isLinked&quot;:true}}\">\n\t\t\t\t<div class=\"elementor-element elementor-element-38b60825 e-flex e-con-boxed e-con e-parent\" data-id=\"38b60825\" data-element_type=\"container\" data-e-type=\"container\">\n\t\t\t\t\t<div class=\"e-con-inner\">\n\t\t\t\t<div class=\"elementor-element elementor-element-21f89f3c elementor-widget elementor-widget-text-editor\" data-id=\"21f89f3c\" data-element_type=\"widget\" data-e-type=\"widget\" data-widget_type=\"text-editor.default\">\n\t\t\t\t\t\t\t\t\t<p data-start=\"427\" data-end=\"477\"><strong data-start=\"427\" data-end=\"477\">Angaben gem\u00e4\u00df \u00a7 5 TMG und \u00a7 18 MStV<\/strong><\/p><h3 data-start=\"479\" data-end=\"498\">Website-Betreiber<\/h3><p data-start=\"500\" data-end=\"540\"><strong data-start=\"500\" data-end=\"512\">SwappdAI<\/strong><br data-start=\"512\" data-end=\"515\" \/>Betrieben von WiIIi Braun<\/p><p data-start=\"542\" data-end=\"581\">Knokenholt 8a<br data-start=\"555\" data-end=\"558\" \/>22391 Hamburg<br data-start=\"571\" data-end=\"574\" \/>Deutschland<\/p><hr data-start=\"583\" data-end=\"586\" \/><h3 data-start=\"588\" data-end=\"610\">Kontaktinformation<\/h3><p data-start=\"612\" data-end=\"665\">E-Mail: <a class=\"decorated-link cursor-pointer\" rel=\"noopener\" data-start=\"619\" data-end=\"637\">hello@swappdai.com<\/a><br data-start=\"637\" data-end=\"640\" \/>Website: <a class=\"decorated-link\" href=\"https:\/\/swappdai.com\/de\/\" target=\"_new\" rel=\"noopener\" data-start=\"649\" data-end=\"665\">www.swappdai.com<\/a><\/p><hr data-start=\"667\" data-end=\"670\" \/><h3 data-start=\"672\" data-end=\"695\">Gesetzliche Vertretung<\/h3><p data-start=\"697\" data-end=\"736\">WiIIi Braun<br data-start=\"708\" data-end=\"711\" \/>(Einzelunternehmer \/ Inhaber)<\/p><hr data-start=\"738\" data-end=\"741\" \/><h3 data-start=\"743\" data-end=\"774\">EU-Online-Streitbeilegung<\/h3><p data-start=\"776\" data-end=\"893\">Die Europ\u00e4ische Kommission stellt eine Plattform zur Online-Streitbeilegung (OS) bereit:<br data-start=\"856\" data-end=\"859\" \/><a class=\"decorated-link\" href=\"https:\/\/ec.europa.eu\/consumers\/odr\" target=\"_new\" rel=\"noopener\" data-start=\"859\" data-end=\"893\">https:\/\/ec.europa.eu\/consumers\/odr<\/a><\/p><p data-start=\"895\" data-end=\"948\">Unsere E-Mail-Adresse finden Sie oben in diesem Impressum.<\/p><p data-start=\"950\" data-end=\"1070\">Wir sind nicht verpflichtet und nicht bereit, an Streitbeilegungsverfahren vor einer Verbraucherschlichtungsstelle teilzunehmen.<\/p><hr data-start=\"1072\" data-end=\"1075\" \/><h3 data-start=\"1077\" data-end=\"1101\">Haftung f\u00fcr Inhalte<\/h3><p data-start=\"1103\" data-end=\"1370\">Als Diensteanbieter sind wir gem\u00e4\u00df den allgemeinen Gesetzen f\u00fcr eigene Inhalte auf diesen Seiten verantwortlich.<br data-start=\"1212\" data-end=\"1215\" \/>Wir sind jedoch nicht verpflichtet, \u00fcbermittelte oder gespeicherte fremde Informationen zu \u00fcberwachen oder nach Umst\u00e4nden zu forschen, die auf eine rechtswidrige T\u00e4tigkeit hinweisen.<\/p><p data-start=\"1372\" data-end=\"1560\">Verpflichtungen zur Entfernung oder Sperrung der Nutzung von Informationen nach den allgemeinen Gesetzen bleiben hiervon unber\u00fchrt. Eine diesbez\u00fcgliche Haftung ist jedoch erst ab dem Zeitpunkt der Kenntnis einer konkreten Rechtsverletzung m\u00f6glich.<\/p><hr data-start=\"1562\" data-end=\"1565\" \/><h3 data-start=\"1567\" data-end=\"1589\">Haftung f\u00fcr Links<\/h3><p data-start=\"1591\" data-end=\"1857\">Unsere Website enth\u00e4lt Links zu externen Websites Dritter, auf deren Inhalte wir keinen Einfluss haben.<br data-start=\"1689\" data-end=\"1692\" \/>Deshalb k\u00f6nnen wir f\u00fcr diese fremden Inhalte auch keine Gew\u00e4hr \u00fcbernehmen. F\u00fcr die Inhalte der verlinkten Seiten ist stets der jeweilige Anbieter oder Betreiber der Seiten verantwortlich.<\/p><p data-start=\"1859\" data-end=\"1993\">Die verlinkten Seiten wurden zum Zeitpunkt der Verlinkung auf m\u00f6gliche Rechtsverst\u00f6\u00dfe \u00fcberpr\u00fcft. Rechtswidrige Inhalte waren zum Zeitpunkt der Verlinkung nicht erkennbar.<\/p><hr data-start=\"1995\" data-end=\"1998\" \/><h3 data-start=\"2000\" data-end=\"2012\">Urheberrecht<\/h3><p data-start=\"2014\" data-end=\"2119\">Die durch den Seitenbetreiber erstellten Inhalte und Werke auf diesen Seiten unterliegen dem deutschen Urheberrecht.<\/p><p data-start=\"2121\" data-end=\"2158\">Dies umfasst, ist aber nicht beschr\u00e4nkt auf:<\/p><ul data-start=\"2159\" data-end=\"2291\"><li data-start=\"2159\" data-end=\"2183\"><p data-start=\"2161\" data-end=\"2183\">das UI- und UX-Design<\/p><\/li><li data-start=\"2184\" data-end=\"2222\"><p data-start=\"2186\" data-end=\"2222\">das Branding und den Namen <strong data-start=\"2208\" data-end=\"2220\">SwappdAI<\/strong><\/p><\/li><li data-start=\"2223\" data-end=\"2291\"><p data-start=\"2225\" data-end=\"2291\">die Dienststruktur und die Tarifmodelle (Free, Premium, Pro Creator)<\/p><\/li><\/ul><p data-start=\"2293\" data-end=\"2455\">Jede Vervielf\u00e4ltigung, Bearbeitung, Verbreitung oder Verwertung au\u00dferhalb der Grenzen des Urheberrechtes bedarf der vorherigen schriftlichen Zustimmung des jeweiligen Rechteinhabers.<\/p>\t\t\t\t\t\t\t\t<\/div>\n\t\t\t\t\t<\/div>\n\t\t\t\t<\/div>\n\t\t<div class=\"elementor-element elementor-element-411db1c e-flex e-con-boxed e-con e-parent\" data-id=\"411db1c\" data-element_type=\"container\" data-e-type=\"container\">\n\t\t\t\t\t<div class=\"e-con-inner\">\n\t\t\t\t<div class=\"elementor-element elementor-element-ba9f6b2 elementor-widget elementor-widget-spacer\" data-id=\"ba9f6b2\" data-element_type=\"widget\" data-e-type=\"widget\" data-widget_type=\"spacer.default\">\n\t\t\t\t\t\t\t<div class=\"elementor-spacer\">\n\t\t\t<div class=\"elementor-spacer-inner\"><\/div>\n\t\t<\/div>\n\t\t\t\t\t\t<\/div>\n\t\t\t\t\t<\/div>\n\t\t\t\t<\/div>\n\t\t\t\t<\/div>","protected":false},"excerpt":{"rendered":"<p>Information according to \u00a7 5 TMG and \u00a7 18 MStV Website Operator SwappdAIOperated by WiIIi Braun Knokenholt 8a22391 HamburgGermany Contact Information Email: [&hellip;]<\/p>\n","protected":false},"author":1,"featured_media":0,"parent":0,"menu_order":0,"comment_status":"closed","ping_status":"open","template":"","meta":{"footnotes":""},"class_list":["post-363","page","type-page","status-publish","hentry"],"yoast_head":"<!-- This site is optimized with the Yoast SEO plugin v27.3 - https:\/\/yoast.com\/product\/yoast-seo-wordpress\/ -->\n<title>Imprint - SwappdAI<\/title>\n<meta name=\"robots\" content=\"index, follow, max-snippet:-1, max-image-preview:large, max-video-preview:-1\" \/>\n<link rel=\"canonical\" href=\"https:\/\/swappdai.com\/de\/imprint\/\" \/>\n<meta property=\"og:locale\" content=\"de_DE\" \/>\n<meta property=\"og:type\" content=\"article\" \/>\n<meta property=\"og:title\" content=\"Imprint - SwappdAI\" \/>\n<meta property=\"og:description\" content=\"Information according to \u00a7 5 TMG and \u00a7 18 MStV Website Operator SwappdAIOperated by WiIIi Braun Knokenholt 8a22391 HamburgGermany Contact Information Email: [&hellip;]\" \/>\n<meta property=\"og:url\" content=\"https:\/\/swappdai.com\/de\/imprint\/\" \/>\n<meta property=\"og:site_name\" content=\"SwappdAI\" \/>\n<meta property=\"article:publisher\" content=\"https:\/\/www.facebook.com\/swappdai\/\" \/>\n<meta property=\"article:modified_time\" content=\"2026-01-05T20:21:45+00:00\" \/>\n<meta name=\"twitter:card\" content=\"summary_large_image\" \/>\n<meta name=\"twitter:site\" content=\"@SwappdAI\" \/>\n<meta name=\"twitter:label1\" content=\"Gesch\u00e4tzte Lesezeit\" \/>\n\t<meta name=\"twitter:data1\" content=\"2\u00a0Minuten\" \/>\n<script type=\"application\/ld+json\" class=\"yoast-schema-graph\">{\"@context\":\"https:\\\/\\\/schema.org\",\"@graph\":[{\"@type\":\"WebPage\",\"@id\":\"https:\\\/\\\/swappdai.com\\\/imprint\\\/\",\"url\":\"https:\\\/\\\/swappdai.com\\\/imprint\\\/\",\"name\":\"Imprint - SwappdAI\",\"isPartOf\":{\"@id\":\"https:\\\/\\\/swappdai.com\\\/#website\"},\"datePublished\":\"2026-01-03T21:16:30+00:00\",\"dateModified\":\"2026-01-05T20:21:45+00:00\",\"breadcrumb\":{\"@id\":\"https:\\\/\\\/swappdai.com\\\/imprint\\\/#breadcrumb\"},\"inLanguage\":\"de\",\"potentialAction\":[{\"@type\":\"ReadAction\",\"target\":[\"https:\\\/\\\/swappdai.com\\\/imprint\\\/\"]}]},{\"@type\":\"BreadcrumbList\",\"@id\":\"https:\\\/\\\/swappdai.com\\\/imprint\\\/#breadcrumb\",\"itemListElement\":[{\"@type\":\"ListItem\",\"position\":1,\"name\":\"Home\",\"item\":\"https:\\\/\\\/swappdai.com\\\/\"},{\"@type\":\"ListItem\",\"position\":2,\"name\":\"Imprint\"}]},{\"@type\":\"WebSite\",\"@id\":\"https:\\\/\\\/swappdai.com\\\/#website\",\"url\":\"https:\\\/\\\/swappdai.com\\\/\",\"name\":\"SwappdAI\",\"description\":\"Flawless AI Face Swaps &amp; Portraits \u2728\",\"publisher\":{\"@id\":\"https:\\\/\\\/swappdai.com\\\/#organization\"},\"potentialAction\":[{\"@type\":\"SearchAction\",\"target\":{\"@type\":\"EntryPoint\",\"urlTemplate\":\"https:\\\/\\\/swappdai.com\\\/?s={search_term_string}\"},\"query-input\":{\"@type\":\"PropertyValueSpecification\",\"valueRequired\":true,\"valueName\":\"search_term_string\"}}],\"inLanguage\":\"de\"},{\"@type\":\"Organization\",\"@id\":\"https:\\\/\\\/swappdai.com\\\/#organization\",\"name\":\"SwappdAI\",\"url\":\"https:\\\/\\\/swappdai.com\\\/\",\"logo\":{\"@type\":\"ImageObject\",\"inLanguage\":\"de\",\"@id\":\"https:\\\/\\\/swappdai.com\\\/#\\\/schema\\\/logo\\\/image\\\/\",\"url\":\"https:\\\/\\\/swappdai.com\\\/wp-content\\\/uploads\\\/2025\\\/12\\\/Logo_HP_dark_cr_webp.webp\",\"contentUrl\":\"https:\\\/\\\/swappdai.com\\\/wp-content\\\/uploads\\\/2025\\\/12\\\/Logo_HP_dark_cr_webp.webp\",\"width\":433,\"height\":98,\"caption\":\"SwappdAI\"},\"image\":{\"@id\":\"https:\\\/\\\/swappdai.com\\\/#\\\/schema\\\/logo\\\/image\\\/\"},\"sameAs\":[\"https:\\\/\\\/www.facebook.com\\\/swappdai\\\/\",\"https:\\\/\\\/x.com\\\/SwappdAI\",\"https:\\\/\\\/www.instagram.com\\\/swappd.ai\\\/\"]}]}<\/script>\n<!-- \/ Yoast SEO plugin. -->","yoast_head_json":{"title":"Imprint - SwappdAI","robots":{"index":"index","follow":"follow","max-snippet":"max-snippet:-1","max-image-preview":"max-image-preview:large","max-video-preview":"max-video-preview:-1"},"canonical":"https:\/\/swappdai.com\/de\/imprint\/","og_locale":"de_DE","og_type":"article","og_title":"Imprint - SwappdAI","og_description":"Information according to \u00a7 5 TMG and \u00a7 18 MStV Website Operator SwappdAIOperated by WiIIi Braun Knokenholt 8a22391 HamburgGermany Contact Information Email: [&hellip;]","og_url":"https:\/\/swappdai.com\/de\/imprint\/","og_site_name":"SwappdAI","article_publisher":"https:\/\/www.facebook.com\/swappdai\/","article_modified_time":"2026-01-05T20:21:45+00:00","twitter_card":"summary_large_image","twitter_site":"@SwappdAI","twitter_misc":{"Gesch\u00e4tzte Lesezeit":"2\u00a0Minuten"},"schema":{"@context":"https:\/\/schema.org","@graph":[{"@type":"WebPage","@id":"https:\/\/swappdai.com\/imprint\/","url":"https:\/\/swappdai.com\/imprint\/","name":"Imprint - SwappdAI","isPartOf":{"@id":"https:\/\/swappdai.com\/#website"},"datePublished":"2026-01-03T21:16:30+00:00","dateModified":"2026-01-05T20:21:45+00:00","breadcrumb":{"@id":"https:\/\/swappdai.com\/imprint\/#breadcrumb"},"inLanguage":"de","potentialAction":[{"@type":"ReadAction","target":["https:\/\/swappdai.com\/imprint\/"]}]},{"@type":"BreadcrumbList","@id":"https:\/\/swappdai.com\/imprint\/#breadcrumb","itemListElement":[{"@type":"ListItem","position":1,"name":"Home","item":"https:\/\/swappdai.com\/"},{"@type":"ListItem","position":2,"name":"Imprint"}]},{"@type":"WebSite","@id":"https:\/\/swappdai.com\/#website","url":"https:\/\/swappdai.com\/","name":"SwappdAI","description":"Flawless AI Face Swaps &amp; Portraits \u2728","publisher":{"@id":"https:\/\/swappdai.com\/#organization"},"potentialAction":[{"@type":"SearchAction","target":{"@type":"EntryPoint","urlTemplate":"https:\/\/swappdai.com\/?s={search_term_string}"},"query-input":{"@type":"PropertyValueSpecification","valueRequired":true,"valueName":"search_term_string"}}],"inLanguage":"de"},{"@type":"Organization","@id":"https:\/\/swappdai.com\/#organization","name":"SwappdAI","url":"https:\/\/swappdai.com\/","logo":{"@type":"ImageObject","inLanguage":"de","@id":"https:\/\/swappdai.com\/#\/schema\/logo\/image\/","url":"https:\/\/swappdai.com\/wp-content\/uploads\/2025\/12\/Logo_HP_dark_cr_webp.webp","contentUrl":"https:\/\/swappdai.com\/wp-content\/uploads\/2025\/12\/Logo_HP_dark_cr_webp.webp","width":433,"height":98,"caption":"SwappdAI"},"image":{"@id":"https:\/\/swappdai.com\/#\/schema\/logo\/image\/"},"sameAs":["https:\/\/www.facebook.com\/swappdai\/","https:\/\/x.com\/SwappdAI","https:\/\/www.instagram.com\/swappd.ai\/"]}]}},"_links":{"self":[{"href":"https:\/\/swappdai.com\/de\/wp-json\/wp\/v2\/pages\/363","targetHints":{"allow":["GET"]}}],"collection":[{"href":"https:\/\/swappdai.com\/de\/wp-json\/wp\/v2\/pages"}],"about":[{"href":"https:\/\/swappdai.com\/de\/wp-json\/wp\/v2\/types\/page"}],"author":[{"embeddable":true,"href":"https:\/\/swappdai.com\/de\/wp-json\/wp\/v2\/users\/1"}],"replies":[{"embeddable":true,"href":"https:\/\/swappdai.com\/de\/wp-json\/wp\/v2\/comments?post=363"}],"version-history":[{"count":10,"href":"https:\/\/swappdai.com\/de\/wp-json\/wp\/v2\/pages\/363\/revisions"}],"predecessor-version":[{"id":1396,"href":"https:\/\/swappdai.com\/de\/wp-json\/wp\/v2\/pages\/363\/revisions\/1396"}],"wp:attachment":[{"href":"https:\/\/swappdai.com\/de\/wp-json\/wp\/v2\/media?parent=363"}],"curies":[{"name":"wp","href":"https:\/\/api.w.org\/{rel}","templated":true}]}}